{"id":23,"date":"2023-01-03T10:54:10","date_gmt":"2023-01-03T08:54:10","guid":{"rendered":"http:\/\/dev.orthodose.allan-roudot.com\/?page_id=23"},"modified":"2023-04-14T22:10:46","modified_gmt":"2023-04-14T20:10:46","slug":"application","status":"publish","type":"page","link":"https:\/\/dev.orthodose.allan-roudot.com\/fr\/application\/","title":{"rendered":"L&rsquo;application"},"content":{"rendered":"","protected":false},"excerpt":{"rendered":"","protected":false},"author":1,"featured_media":0,"parent":0,"menu_order":2,"comment_status":"closed","ping_status":"closed","template":"application.blade.php","meta":{"_acf_changed":false,"inline_featured_image":false,"footnotes":""},"acf":[],"yoast_head":"<!-- This site is optimized with the Yoast SEO plugin v22.9 - https:\/\/yoast.com\/wordpress\/plugins\/seo\/ -->\n<title>L\u2019application Orthodose\u00ae - Orthodose<\/title>\n<meta name=\"description\" content=\"Cr\u00e9\u00e9 et d\u00e9velopp\u00e9 par un m\u00e9decin sp\u00e9cialis\u00e9 dans les soins palliatifs, le logiciel Orthodose\u00ae s\u2019est r\u00e9v\u00e9l\u00e9 \u00eatre une application m\u00e9dicale innovante et performante pour les Pro de la sant\u00e9.\" \/>\n<meta name=\"robots\" content=\"noindex, follow, max-snippet:-1, max-image-preview:large, max-video-preview:-1\" \/>\n<meta property=\"og:locale\" content=\"fr_FR\" \/>\n<meta property=\"og:type\" content=\"article\" \/>\n<meta property=\"og:title\" content=\"L\u2019application Orthodose\u00ae - Orthodose\" \/>\n<meta property=\"og:description\" content=\"Cr\u00e9\u00e9 et d\u00e9velopp\u00e9 par un m\u00e9decin sp\u00e9cialis\u00e9 dans les soins palliatifs, le logiciel Orthodose\u00ae s\u2019est r\u00e9v\u00e9l\u00e9 \u00eatre une application m\u00e9dicale innovante et performante pour les Pro de la sant\u00e9.\" \/>\n<meta property=\"og:url\" content=\"https:\/\/dev.orthodose.allan-roudot.com\/fr\/application\/\" \/>\n<meta property=\"og:site_name\" content=\"Orthodose\" \/>\n<meta property=\"article:modified_time\" content=\"2023-04-14T20:10:46+00:00\" \/>\n<meta property=\"og:image\" content=\"https:\/\/dev.orthodose.allan-roudot.com\/app\/uploads\/orthodose-app-tool-for-healthcare-professionals.webp\" \/>\n\t<meta property=\"og:image:width\" content=\"1600\" \/>\n\t<meta property=\"og:image:height\" content=\"1960\" \/>\n\t<meta property=\"og:image:type\" content=\"image\/webp\" \/>\n<meta name=\"twitter:card\" content=\"summary_large_image\" \/>\n<script type=\"application\/ld+json\" class=\"yoast-schema-graph\">{\"@context\":\"https:\/\/schema.org\",\"@graph\":[{\"@type\":\"WebPage\",\"@id\":\"https:\/\/dev.orthodose.allan-roudot.com\/fr\/application\/\",\"url\":\"https:\/\/dev.orthodose.allan-roudot.com\/fr\/application\/\",\"name\":\"L\u2019application Orthodose\u00ae - Orthodose\",\"isPartOf\":{\"@id\":\"https:\/\/dev.orthodose.allan-roudot.com\/fr\/#website\"},\"datePublished\":\"2023-01-03T08:54:10+00:00\",\"dateModified\":\"2023-04-14T20:10:46+00:00\",\"description\":\"Cr\u00e9\u00e9 et d\u00e9velopp\u00e9 par un m\u00e9decin sp\u00e9cialis\u00e9 dans les soins palliatifs, le logiciel Orthodose\u00ae s\u2019est r\u00e9v\u00e9l\u00e9 \u00eatre une application m\u00e9dicale innovante et performante pour les Pro de la sant\u00e9.\",\"breadcrumb\":{\"@id\":\"https:\/\/dev.orthodose.allan-roudot.com\/fr\/application\/#breadcrumb\"},\"inLanguage\":\"fr-FR\",\"potentialAction\":[{\"@type\":\"ReadAction\",\"target\":[\"https:\/\/dev.orthodose.allan-roudot.com\/fr\/application\/\"]}]},{\"@type\":\"BreadcrumbList\",\"@id\":\"https:\/\/dev.orthodose.allan-roudot.com\/fr\/application\/#breadcrumb\",\"itemListElement\":[{\"@type\":\"ListItem\",\"position\":1,\"name\":\"Accueil\",\"item\":\"https:\/\/dev.orthodose.allan-roudot.com\/fr\/\"},{\"@type\":\"ListItem\",\"position\":2,\"name\":\"L&rsquo;application\"}]},{\"@type\":\"WebSite\",\"@id\":\"https:\/\/dev.orthodose.allan-roudot.com\/fr\/#website\",\"url\":\"https:\/\/dev.orthodose.allan-roudot.com\/fr\/\",\"name\":\"Orthodose\",\"description\":\"L\u2019application Orthodose\u00ae propose aux m\u00e9decins g\u00e9n\u00e9ralistes et sp\u00e9cialistes une aide concr\u00e8te pour g\u00e9rer au mieux la douleur chez leur patient palliatif.\",\"alternateName\":\"Orthodose app\",\"potentialAction\":[{\"@type\":\"SearchAction\",\"target\":{\"@type\":\"EntryPoint\",\"urlTemplate\":\"https:\/\/dev.orthodose.allan-roudot.com\/fr\/?s={search_term_string}\"},\"query-input\":\"required name=search_term_string\"}],\"inLanguage\":\"fr-FR\"}]}<\/script>\n<!-- \/ Yoast SEO plugin. -->","yoast_head_json":{"title":"L\u2019application Orthodose\u00ae - Orthodose","description":"Cr\u00e9\u00e9 et d\u00e9velopp\u00e9 par un m\u00e9decin sp\u00e9cialis\u00e9 dans les soins palliatifs, le logiciel Orthodose\u00ae s\u2019est r\u00e9v\u00e9l\u00e9 \u00eatre une application m\u00e9dicale innovante et performante pour les Pro de la sant\u00e9.","robots":{"index":"noindex","follow":"follow","max-snippet":"max-snippet:-1","max-image-preview":"max-image-preview:large","max-video-preview":"max-video-preview:-1"},"og_locale":"fr_FR","og_type":"article","og_title":"L\u2019application Orthodose\u00ae - Orthodose","og_description":"Cr\u00e9\u00e9 et d\u00e9velopp\u00e9 par un m\u00e9decin sp\u00e9cialis\u00e9 dans les soins palliatifs, le logiciel Orthodose\u00ae s\u2019est r\u00e9v\u00e9l\u00e9 \u00eatre une application m\u00e9dicale innovante et performante pour les Pro de la sant\u00e9.","og_url":"https:\/\/dev.orthodose.allan-roudot.com\/fr\/application\/","og_site_name":"Orthodose","article_modified_time":"2023-04-14T20:10:46+00:00","og_image":[{"width":1600,"height":1960,"url":"https:\/\/dev.orthodose.allan-roudot.com\/app\/uploads\/orthodose-app-tool-for-healthcare-professionals.webp","type":"image\/webp"}],"twitter_card":"summary_large_image","schema":{"@context":"https:\/\/schema.org","@graph":[{"@type":"WebPage","@id":"https:\/\/dev.orthodose.allan-roudot.com\/fr\/application\/","url":"https:\/\/dev.orthodose.allan-roudot.com\/fr\/application\/","name":"L\u2019application Orthodose\u00ae - Orthodose","isPartOf":{"@id":"https:\/\/dev.orthodose.allan-roudot.com\/fr\/#website"},"datePublished":"2023-01-03T08:54:10+00:00","dateModified":"2023-04-14T20:10:46+00:00","description":"Cr\u00e9\u00e9 et d\u00e9velopp\u00e9 par un m\u00e9decin sp\u00e9cialis\u00e9 dans les soins palliatifs, le logiciel Orthodose\u00ae s\u2019est r\u00e9v\u00e9l\u00e9 \u00eatre une application m\u00e9dicale innovante et performante pour les Pro de la sant\u00e9.","breadcrumb":{"@id":"https:\/\/dev.orthodose.allan-roudot.com\/fr\/application\/#breadcrumb"},"inLanguage":"fr-FR","potentialAction":[{"@type":"ReadAction","target":["https:\/\/dev.orthodose.allan-roudot.com\/fr\/application\/"]}]},{"@type":"BreadcrumbList","@id":"https:\/\/dev.orthodose.allan-roudot.com\/fr\/application\/#breadcrumb","itemListElement":[{"@type":"ListItem","position":1,"name":"Accueil","item":"https:\/\/dev.orthodose.allan-roudot.com\/fr\/"},{"@type":"ListItem","position":2,"name":"L&rsquo;application"}]},{"@type":"WebSite","@id":"https:\/\/dev.orthodose.allan-roudot.com\/fr\/#website","url":"https:\/\/dev.orthodose.allan-roudot.com\/fr\/","name":"Orthodose","description":"L\u2019application Orthodose\u00ae propose aux m\u00e9decins g\u00e9n\u00e9ralistes et sp\u00e9cialistes une aide concr\u00e8te pour g\u00e9rer au mieux la douleur chez leur patient palliatif.","alternateName":"Orthodose app","potentialAction":[{"@type":"SearchAction","target":{"@type":"EntryPoint","urlTemplate":"https:\/\/dev.orthodose.allan-roudot.com\/fr\/?s={search_term_string}"},"query-input":"required name=search_term_string"}],"inLanguage":"fr-FR"}]}},"_links":{"self":[{"href":"https:\/\/dev.orthodose.allan-roudot.com\/fr\/wp-json\/wp\/v2\/pages\/23"}],"collection":[{"href":"https:\/\/dev.orthodose.allan-roudot.com\/fr\/wp-json\/wp\/v2\/pages"}],"about":[{"href":"https:\/\/dev.orthodose.allan-roudot.com\/fr\/wp-json\/wp\/v2\/types\/page"}],"author":[{"embeddable":true,"href":"https:\/\/dev.orthodose.allan-roudot.com\/fr\/wp-json\/wp\/v2\/users\/1"}],"replies":[{"embeddable":true,"href":"https:\/\/dev.orthodose.allan-roudot.com\/fr\/wp-json\/wp\/v2\/comments?post=23"}],"version-history":[{"count":0,"href":"https:\/\/dev.orthodose.allan-roudot.com\/fr\/wp-json\/wp\/v2\/pages\/23\/revisions"}],"wp:attachment":[{"href":"https:\/\/dev.orthodose.allan-roudot.com\/fr\/wp-json\/wp\/v2\/media?parent=23"}],"curies":[{"name":"wp","href":"https:\/\/api.w.org\/{rel}","templated":true}]}}